{"id":20,"date":"2023-11-19T08:37:01","date_gmt":"2023-11-19T08:37:01","guid":{"rendered":"https:\/\/natsy.novaworks.net\/?page_id=20"},"modified":"2026-04-26T15:27:48","modified_gmt":"2026-04-26T13:27:48","slug":"order-tracking","status":"publish","type":"page","link":"https:\/\/afis.cloudbrain.sk\/?page_id=20","title":{"rendered":"Order Tracking"},"content":{"rendered":"\t\t<div data-elementor-type=\"wp-page\" data-elementor-id=\"20\" class=\"elementor elementor-20\">\n\t\t\t\t<div class=\"elementor-element elementor-element-a2c6e43 e-con-full e-flex kitify-col-width-auto-no ignore-docs-style-no kitify-disable-relative-no e-root-container elementor-top-section e-con e-parent\" data-id=\"a2c6e43\" data-element_type=\"container\" data-e-type=\"container\" data-settings=\"{&quot;background_background&quot;:&quot;classic&quot;}\">\n\t\t\t\t<div class=\"elementor-element elementor-element-4f21f7d kitify-breadcrumbs-page-title-yes kitify-breadcrumbs-align-center elementor-widget kitify elementor-kitify-breadcrumbs\" data-id=\"4f21f7d\" data-element_type=\"widget\" data-e-type=\"widget\" data-widget_type=\"kitify-breadcrumbs.default\">\n\t\t\t\t<div class=\"elementor-widget-container\">\n\t\t\t\t\t\n\t\t<div class=\"kitify-breadcrumbs\">\n\t\t<div class=\"kitify-breadcrumbs__content\">\n\t\t<div class=\"kitify-breadcrumbs__wrap\"><div class=\"kitify-breadcrumbs__item\"><a href=\"https:\/\/afis.cloudbrain.sk\/\" class=\"kitify-breadcrumbs__item-link is-home\" rel=\"home\" title=\"Home\">Home<\/a><\/div>\n\t\t<\/div>\n\t\t<\/div>\n\t\t<\/div>\t\t\t\t<\/div>\n\t\t\t\t<\/div>\n\t\t\t\t<\/div>\n\t\t<div class=\"elementor-element elementor-element-921a8ee e-flex e-con-boxed kitify-col-width-auto-no ignore-docs-style-no kitify-disable-relative-no e-root-container elementor-top-section e-con e-parent\" data-id=\"921a8ee\" data-element_type=\"container\" data-e-type=\"container\">\n\t\t\t\t\t<div class=\"e-con-inner\">\n\t\t\t\t<div class=\"elementor-element elementor-element-fc2562c elementor-widget elementor-widget-shortcode\" data-id=\"fc2562c\" data-element_type=\"widget\" data-e-type=\"widget\" data-widget_type=\"shortcode.default\">\n\t\t\t\t\t\t\t<div class=\"elementor-shortcode\"><div class=\"woocommerce\">\n<form action=\"https:\/\/afis.cloudbrain.sk\/?page_id=20\" method=\"post\" class=\"woocommerce-form woocommerce-form-track-order track_order\">\n\n\t\n\t<p>Pre sledovanie va\u0161ej objedn\u00e1vky zadajte jej \u010d\u00edslo do po\u013ea ni\u017e\u0161ie a kliknite na tla\u010didlo \u201eSledova\u0165\u201c. \u010c\u00edslo objedn\u00e1vky n\u00e1jdete v e-maile, ktor\u00fd v\u00e1m bol doru\u010den\u00fd po objednan\u00ed.<\/p>\n\n\t<p class=\"form-row form-row-first\"><label for=\"orderid\">\u010c\u00edslo objedn\u00e1vky<\/label> <input class=\"input-text\" type=\"text\" name=\"orderid\" id=\"orderid\" value=\"\" placeholder=\"N\u00e1jdete v e-maile s potvrden\u00edm objedn\u00e1vky.\" \/><\/p>\t<p class=\"form-row form-row-last\"><label for=\"order_email\">Faktura\u010dn\u00fd e-mail<\/label> <input class=\"input-text\" type=\"text\" name=\"order_email\" id=\"order_email\" value=\"\" placeholder=\"E-mailov\u00e1 adresa, ktor\u00fa ste pou\u017eili v objedn\u00e1vke.\" \/><\/p>\t<div class=\"clear\"><\/div>\n\n\t\n\t<p class=\"form-row\"><button type=\"submit\" class=\"button\" name=\"track\" value=\"Sledova\u0165\">Sledova\u0165<\/button><\/p>\n\t<input type=\"hidden\" id=\"woocommerce-order-tracking-nonce\" name=\"woocommerce-order-tracking-nonce\" value=\"55210bcf1a\" \/><input type=\"hidden\" name=\"_wp_http_referer\" value=\"\/index.php?rest_route=%2Fwp%2Fv2%2Fpages%2F20\" \/>\n\t\n<\/form>\n<\/div><\/div>\n\t\t\t\t\t\t<\/div>\n\t\t\t\t\t<\/div>\n\t\t\t\t<\/div>\n\t\t\t\t<\/div>\n\t\t","protected":false},"excerpt":{"rendered":"<p>Home<\/p>\n","protected":false},"author":1,"featured_media":0,"parent":0,"menu_order":0,"comment_status":"closed","ping_status":"closed","template":"","meta":{"footnotes":""},"class_list":["post-20","page","type-page","status-publish","hentry"],"_links":{"self":[{"href":"https:\/\/afis.cloudbrain.sk\/index.php?rest_route=\/wp\/v2\/pages\/20","targetHints":{"allow":["GET"]}}],"collection":[{"href":"https:\/\/afis.cloudbrain.sk\/index.php?rest_route=\/wp\/v2\/pages"}],"about":[{"href":"https:\/\/afis.cloudbrain.sk\/index.php?rest_route=\/wp\/v2\/types\/page"}],"author":[{"embeddable":true,"href":"https:\/\/afis.cloudbrain.sk\/index.php?rest_route=\/wp\/v2\/users\/1"}],"replies":[{"embeddable":true,"href":"https:\/\/afis.cloudbrain.sk\/index.php?rest_route=%2Fwp%2Fv2%2Fcomments&post=20"}],"version-history":[{"count":1,"href":"https:\/\/afis.cloudbrain.sk\/index.php?rest_route=\/wp\/v2\/pages\/20\/revisions"}],"predecessor-version":[{"id":1433,"href":"https:\/\/afis.cloudbrain.sk\/index.php?rest_route=\/wp\/v2\/pages\/20\/revisions\/1433"}],"wp:attachment":[{"href":"https:\/\/afis.cloudbrain.sk\/index.php?rest_route=%2Fwp%2Fv2%2Fmedia&parent=20"}],"curies":[{"name":"wp","href":"https:\/\/api.w.org\/{rel}","templated":true}]}}